{"id":1636,"date":"2024-06-30T19:30:13","date_gmt":"2024-06-30T19:30:13","guid":{"rendered":"https:\/\/bartsamuel.com\/?page_id=1636"},"modified":"2025-07-06T08:54:22","modified_gmt":"2025-07-06T08:54:22","slug":"michael-serwa","status":"publish","type":"page","link":"https:\/\/bartsamuel.com\/pl\/personal-branding\/michael-serwa\/","title":{"rendered":"Michael Serwa"},"content":{"rendered":"<p>[et_pb_section fb_built=&#8221;1&#8243; custom_padding_last_edited=&#8221;on|phone&#8221; module_id=&#8221;project-page&#8221; _builder_version=&#8221;4.25.1&#8243; _module_preset=&#8221;default&#8221; background_color=&#8221;#000000&#8243; custom_padding=&#8221;0px|6em||6em|false|true&#8221; custom_padding_tablet=&#8221;0px|6em||6em|false|true&#8221; custom_padding_phone=&#8221;|3em||3em|false|true&#8221; locked=&#8221;off&#8221; global_colors_info=&#8221;{}&#8221;][et_pb_row column_structure=&#8221;1_2,1_2&#8243; use_custom_gutter=&#8221;on&#8221; gutter_width=&#8221;4&#8243; _builder_version=&#8221;4.25.1&#8243; _module_preset=&#8221;default&#8221; width=&#8221;100%&#8221; max_width=&#8221;100%&#8221; custom_padding=&#8221;0px||||false|false&#8221; global_colors_info=&#8221;{}&#8221;][et_pb_column type=&#8221;1_2&#8243; _builder_version=&#8221;4.25.1&#8243; _module_preset=&#8221;default&#8221; global_colors_info=&#8221;{}&#8221;][et_pb_text _builder_version=&#8221;4.25.2&#8243; _module_preset=&#8221;default&#8221; text_font=&#8221;|300|||||||&#8221; text_text_color=&#8221;#FFFFFF&#8221; text_font_size=&#8221;16px&#8221; custom_margin=&#8221;||6em||false|false&#8221; custom_margin_tablet=&#8221;||6em||false|false&#8221; custom_margin_phone=&#8221;||4em||false|false&#8221; custom_margin_last_edited=&#8221;on|desktop&#8221; global_colors_info=&#8221;{}&#8221;]<\/p>\n<p>Michael nie jest najlepiej op\u0142acanym coachem w Wielkiej Brytanii (i jednym z najlepiej op\u0142acanych coach\u00f3w na \u015bwiecie) przez przypadek. Osi\u0105gn\u0105\u0142 sw\u00f3j sukces ci\u0119\u017ck\u0105 prac\u0105 i oddaniem swojemu fachowi. Jego siln\u0105 osobowo\u015b\u0107 i charakter czu\u0107 od pierwszego kontaktu z nim. Dlatego zdj\u0119cia musia\u0142y to odzwierciedla\u0107.<\/p>\n<p>Michael to wymagaj\u0105cy klient, kt\u00f3ry zwr\u00f3ci\u0142 si\u0119 do mnie z czysto okre\u015blonymi wytycznymi dotycz\u0105cymi od\u015bwie\u017cenia fotografii swojej strony internetowej i medi\u00f3w spo\u0142eczno\u015bciowych \u2013 tylko dwa zdj\u0119cia. Jedno na stron\u0119 g\u0142\u00f3wn\u0105 witryny, drugie na awatary swoich profili internetowych, poniewa\u017c generalnie nie przepada za sesjami zdj\u0119ciowymi. To, co widzicie, zosta\u0142o zrobione w jego londy\u0144skim apartamencie w Mayfair.<\/p>\n<p>[\/et_pb_text][et_pb_image src=&#8221;https:\/\/bartsamuel.com\/wp-content\/uploads\/2024\/06\/Michael-Serwa-06Jul2023-001-1.jpg&#8221; alt=&#8221;Michael Serwa&#8221; title_text=&#8221;Michael Serwa&#8221; show_in_lightbox=&#8221;on&#8221; use_overlay=&#8221;on&#8221; overlay_icon_color=&#8221;#FFFFFF&#8221; hover_overlay_color=&#8221;rgba(0,0,0,0.5)&#8221; hover_icon=&#8221;&#xf00e;||fa||900&#8243; show_bottom_space=&#8221;off&#8221; force_fullwidth=&#8221;on&#8221; _builder_version=&#8221;4.25.2&#8243; _module_preset=&#8221;default&#8221; custom_margin=&#8221;||8em||false|false&#8221; custom_margin_tablet=&#8221;||6em||false|false&#8221; custom_margin_phone=&#8221;||4em||false|false&#8221; custom_margin_last_edited=&#8221;on|phone&#8221; global_colors_info=&#8221;{}&#8221;][\/et_pb_image][et_pb_image src=&#8221;https:\/\/bartsamuel.com\/wp-content\/uploads\/2024\/06\/Michael-Serwa-06Jul2023-003.jpg&#8221; alt=&#8221;Michael Serwa&#8221; title_text=&#8221;Michael Serwa&#8221; show_in_lightbox=&#8221;on&#8221; use_overlay=&#8221;on&#8221; overlay_icon_color=&#8221;#FFFFFF&#8221; hover_overlay_color=&#8221;rgba(0,0,0,0.5)&#8221; hover_icon=&#8221;&#xf00e;||fa||900&#8243; show_bottom_space=&#8221;off&#8221; force_fullwidth=&#8221;on&#8221; _builder_version=&#8221;4.25.2&#8243; _module_preset=&#8221;default&#8221; custom_margin=&#8221;||8em||false|false&#8221; custom_margin_tablet=&#8221;||6em||false|false&#8221; custom_margin_phone=&#8221;||4em||false|false&#8221; custom_margin_last_edited=&#8221;on|phone&#8221; global_colors_info=&#8221;{}&#8221;][\/et_pb_image][\/et_pb_column][et_pb_column type=&#8221;1_2&#8243; _builder_version=&#8221;4.25.1&#8243; _module_preset=&#8221;default&#8221; global_colors_info=&#8221;{}&#8221;][et_pb_image src=&#8221;https:\/\/bartsamuel.com\/wp-content\/uploads\/2024\/06\/Michael-Serwa-06Jul2023-004.jpg&#8221; alt=&#8221;Michael Serwa&#8221; title_text=&#8221;Michael Serwa&#8221; show_in_lightbox=&#8221;on&#8221; use_overlay=&#8221;on&#8221; overlay_icon_color=&#8221;#FFFFFF&#8221; hover_overlay_color=&#8221;rgba(0,0,0,0.5)&#8221; hover_icon=&#8221;&#xf00e;||fa||900&#8243; show_bottom_space=&#8221;off&#8221; force_fullwidth=&#8221;on&#8221; _builder_version=&#8221;4.25.2&#8243; _module_preset=&#8221;default&#8221; custom_margin=&#8221;||8em||false|false&#8221; custom_margin_tablet=&#8221;||6em||false|false&#8221; custom_margin_phone=&#8221;||4em||false|false&#8221; custom_margin_last_edited=&#8221;on|desktop&#8221; global_colors_info=&#8221;{}&#8221;][\/et_pb_image][\/et_pb_column][\/et_pb_row][\/et_pb_section][et_pb_section fb_built=&#8221;1&#8243; admin_label=&#8221;BACK Section&#8221; _builder_version=&#8221;4.27.4&#8243; _module_preset=&#8221;default&#8221; background_color=&#8221;#000000&#8243; custom_margin=&#8221;0px||0px||true|false&#8221; custom_padding=&#8221;0px||0px||true|false&#8221; global_colors_info=&#8221;{}&#8221; global_module=&#8221;2790&#8243; theme_builder_area=&#8221;post_content&#8221;][et_pb_row _builder_version=&#8221;4.27.4&#8243; _module_preset=&#8221;default&#8221; custom_margin=&#8221;0px||0px||true|false&#8221; custom_padding=&#8221;0px||0px||true|false&#8221; global_colors_info=&#8221;{}&#8221; theme_builder_area=&#8221;post_content&#8221;][et_pb_column type=&#8221;4_4&#8243; _builder_version=&#8221;4.27.4&#8243; _module_preset=&#8221;default&#8221; custom_padding=&#8221;0px||0px||true|false&#8221; global_colors_info=&#8221;{}&#8221; theme_builder_area=&#8221;post_content&#8221;][et_pb_text disabled_on=&#8221;off|off|off&#8221; _builder_version=&#8221;4.27.4&#8243; _module_preset=&#8221;default&#8221; text_font=&#8221;&#8211;et_global_heading_font|800||on|||||&#8221; text_text_color=&#8221;#FFFFFF&#8221; text_font_size=&#8221;20px&#8221; text_letter_spacing=&#8221;0.5px&#8221; link_text_color=&#8221;#ffffff&#8221; text_orientation=&#8221;center&#8221; background_layout=&#8221;dark&#8221; custom_margin=&#8221;||5em||false|false&#8221; custom_css_free_form=&#8221;selector a { text-decoration:none; }&#8221; locked=&#8221;off&#8221; global_colors_info=&#8221;{}&#8221; link_text_color__hover_enabled=&#8221;off|hover&#8221; text_text_color__hover_enabled=&#8221;off|desktop&#8221; text_font_size__hover_enabled=&#8221;off|desktop&#8221; text_font_size__hover=&#8221;24px&#8221; theme_builder_area=&#8221;post_content&#8221;]<\/p>\n<div class=\"et_pb_button_module_wrapper et_pb_button_0_wrapper  et_pb_module\"><a class=\"et_pb_button et_pb_button_0 et_pb_bg_layout_dark\" href=\"..\/\">Wstecz<\/a><\/div>\n<p>[\/et_pb_text][\/et_pb_column][\/et_pb_row][\/et_pb_section]<\/p>","protected":false},"excerpt":{"rendered":"<p>Michael is not the highest paid life coach in the UK (and one of the highest paid coaches in the world) by accident. He earned his success with hard work and dedication to the craft. His strong personality and character can be felt from the moment you meet him. Therefore the photos had to reflect [&hellip;]<\/p>","protected":false},"author":1,"featured_media":0,"parent":175,"menu_order":0,"comment_status":"closed","ping_status":"closed","template":"","meta":{"_et_pb_use_builder":"on","_et_pb_old_content":"","_et_gb_content_width":"","footnotes":""},"class_list":["post-1636","page","type-page","status-publish","hentry"],"_links":{"self":[{"href":"https:\/\/bartsamuel.com\/pl\/wp-json\/wp\/v2\/pages\/1636","targetHints":{"allow":["GET"]}}],"collection":[{"href":"https:\/\/bartsamuel.com\/pl\/wp-json\/wp\/v2\/pages"}],"about":[{"href":"https:\/\/bartsamuel.com\/pl\/wp-json\/wp\/v2\/types\/page"}],"author":[{"embeddable":true,"href":"https:\/\/bartsamuel.com\/pl\/wp-json\/wp\/v2\/users\/1"}],"replies":[{"embeddable":true,"href":"https:\/\/bartsamuel.com\/pl\/wp-json\/wp\/v2\/comments?post=1636"}],"version-history":[{"count":8,"href":"https:\/\/bartsamuel.com\/pl\/wp-json\/wp\/v2\/pages\/1636\/revisions"}],"predecessor-version":[{"id":2804,"href":"https:\/\/bartsamuel.com\/pl\/wp-json\/wp\/v2\/pages\/1636\/revisions\/2804"}],"up":[{"embeddable":true,"href":"https:\/\/bartsamuel.com\/pl\/wp-json\/wp\/v2\/pages\/175"}],"wp:attachment":[{"href":"https:\/\/bartsamuel.com\/pl\/wp-json\/wp\/v2\/media?parent=1636"}],"curies":[{"name":"wp","href":"https:\/\/api.w.org\/{rel}","templated":true}]}}