{"id":2174,"date":"2025-05-01T17:01:24","date_gmt":"2025-05-01T17:01:24","guid":{"rendered":"https:\/\/bartsamuel.com\/?page_id=2174"},"modified":"2025-07-06T08:53:01","modified_gmt":"2025-07-06T08:53:01","slug":"lisa-hopper","status":"publish","type":"page","link":"https:\/\/bartsamuel.com\/pl\/personal-branding\/lisa-hopper\/","title":{"rendered":"Lisa Hopper"},"content":{"rendered":"<p>[et_pb_section fb_built=&#8221;1&#8243; custom_padding_last_edited=&#8221;on|phone&#8221; module_id=&#8221;project-page&#8221; _builder_version=&#8221;4.25.1&#8243; _module_preset=&#8221;default&#8221; background_color=&#8221;#000000&#8243; custom_padding=&#8221;0px|6em||6em|false|true&#8221; custom_padding_tablet=&#8221;0px|6em||6em|false|true&#8221; custom_padding_phone=&#8221;|3em||3em|false|true&#8221; locked=&#8221;off&#8221; global_colors_info=&#8221;{}&#8221;][et_pb_row column_structure=&#8221;1_2,1_2&#8243; use_custom_gutter=&#8221;on&#8221; gutter_width=&#8221;4&#8243; _builder_version=&#8221;4.25.1&#8243; _module_preset=&#8221;default&#8221; width=&#8221;100%&#8221; max_width=&#8221;100%&#8221; custom_padding=&#8221;0px||||false|false&#8221; global_colors_info=&#8221;{}&#8221;][et_pb_column type=&#8221;1_2&#8243; _builder_version=&#8221;4.25.1&#8243; _module_preset=&#8221;default&#8221; global_colors_info=&#8221;{}&#8221;][et_pb_text disabled_on=&#8221;off|off|off&#8221; _builder_version=&#8221;4.27.4&#8243; _module_preset=&#8221;default&#8221; text_font=&#8221;|300|||||||&#8221; text_text_color=&#8221;#FFFFFF&#8221; text_font_size=&#8221;16px&#8221; custom_margin=&#8221;||6em||false|false&#8221; custom_margin_tablet=&#8221;||6em||false|false&#8221; custom_margin_phone=&#8221;||4em||false|false&#8221; custom_margin_last_edited=&#8221;on|desktop&#8221; global_colors_info=&#8221;{}&#8221;]<\/p>\n<p>Lisa Hopper jest autork\u0105 bestseller\u00f3w i coachem transformacyjnym. Aby zbudowa\u0107 swoj\u0105 mark\u0119 jako coach, potrzebowa\u0142a zdj\u0119\u0107 na swoj\u0105 stron\u0119 internetow\u0105 i do medi\u00f3w spo\u0142eczno\u015bciowych. Sesja zdj\u0119ciowa w jej mieszkaniu obejmowa\u0142a zdj\u0119cia portretowe oraz inscenizowane sesje coachingowe.<\/p>\n<p>[\/et_pb_text][et_pb_image src=&#8221;http:\/\/bartsamuel.com\/wp-content\/uploads\/2025\/05\/Lisa-Hopper-by-Bartosz-Samuel-Odias-Photography-02Jun2018-006.jpg&#8221; alt=&#8221;Lisa Hopper&#8221; title_text=&#8221;Lisa Hopper&#8221; show_in_lightbox=&#8221;on&#8221; use_overlay=&#8221;on&#8221; overlay_icon_color=&#8221;#FFFFFF&#8221; hover_overlay_color=&#8221;rgba(0,0,0,0.5)&#8221; hover_icon=&#8221;&#xf00e;||fa||900&#8243; show_bottom_space=&#8221;off&#8221; force_fullwidth=&#8221;on&#8221; _builder_version=&#8221;4.27.4&#8243; _module_preset=&#8221;default&#8221; custom_margin=&#8221;||8em||false|false&#8221; custom_margin_tablet=&#8221;||6em||false|false&#8221; custom_margin_phone=&#8221;||4em||false|false&#8221; custom_margin_last_edited=&#8221;on|phone&#8221; global_colors_info=&#8221;{}&#8221;][\/et_pb_image][et_pb_image src=&#8221;http:\/\/bartsamuel.com\/wp-content\/uploads\/2025\/05\/Lisa-Hopper-by-Bartosz-Samuel-Odias-Photography-02Jun2018-013.jpg&#8221; alt=&#8221;Lisa Hopper&#8221; title_text=&#8221;Lisa Hopper&#8221; show_in_lightbox=&#8221;on&#8221; use_overlay=&#8221;on&#8221; overlay_icon_color=&#8221;#FFFFFF&#8221; hover_overlay_color=&#8221;rgba(0,0,0,0.5)&#8221; hover_icon=&#8221;&#xf00e;||fa||900&#8243; show_bottom_space=&#8221;off&#8221; force_fullwidth=&#8221;on&#8221; _builder_version=&#8221;4.27.4&#8243; _module_preset=&#8221;default&#8221; custom_margin=&#8221;||8em||false|false&#8221; custom_margin_tablet=&#8221;||6em||false|false&#8221; custom_margin_phone=&#8221;||4em||false|false&#8221; custom_margin_last_edited=&#8221;on|phone&#8221; global_colors_info=&#8221;{}&#8221;][\/et_pb_image][et_pb_image src=&#8221;http:\/\/bartsamuel.com\/wp-content\/uploads\/2025\/05\/Lisa-Hopper-by-Bartosz-Samuel-Odias-Photography-02Jun2018-007.jpg&#8221; alt=&#8221;Lisa Hopper&#8221; title_text=&#8221;Lisa Hopper&#8221; show_in_lightbox=&#8221;on&#8221; use_overlay=&#8221;on&#8221; overlay_icon_color=&#8221;#FFFFFF&#8221; hover_overlay_color=&#8221;rgba(0,0,0,0.5)&#8221; hover_icon=&#8221;&#xf00e;||fa||900&#8243; show_bottom_space=&#8221;off&#8221; force_fullwidth=&#8221;on&#8221; _builder_version=&#8221;4.27.4&#8243; _module_preset=&#8221;default&#8221; custom_margin=&#8221;||8em||false|false&#8221; custom_margin_tablet=&#8221;||6em||false|false&#8221; custom_margin_phone=&#8221;||4em||false|false&#8221; custom_margin_last_edited=&#8221;on|phone&#8221; global_colors_info=&#8221;{}&#8221;][\/et_pb_image][et_pb_image src=&#8221;http:\/\/bartsamuel.com\/wp-content\/uploads\/2025\/05\/Lisa-Hopper-by-Bartosz-Samuel-Odias-Photography-02Jun2018-018.jpg&#8221; alt=&#8221;Lisa Hopper&#8221; title_text=&#8221;Lisa Hopper&#8221; show_in_lightbox=&#8221;on&#8221; use_overlay=&#8221;on&#8221; overlay_icon_color=&#8221;#FFFFFF&#8221; hover_overlay_color=&#8221;rgba(0,0,0,0.5)&#8221; hover_icon=&#8221;&#xf00e;||fa||900&#8243; show_bottom_space=&#8221;off&#8221; force_fullwidth=&#8221;on&#8221; _builder_version=&#8221;4.27.4&#8243; _module_preset=&#8221;default&#8221; custom_margin=&#8221;||8em||false|false&#8221; custom_margin_tablet=&#8221;||6em||false|false&#8221; custom_margin_phone=&#8221;||4em||false|false&#8221; custom_margin_last_edited=&#8221;on|phone&#8221; global_colors_info=&#8221;{}&#8221;][\/et_pb_image][et_pb_image src=&#8221;http:\/\/bartsamuel.com\/wp-content\/uploads\/2025\/05\/Lisa-Hopper-by-Bartosz-Samuel-Odias-Photography-02Jun2018-001.jpg&#8221; alt=&#8221;Lisa Hopper&#8221; title_text=&#8221;Lisa Hopper&#8221; show_in_lightbox=&#8221;on&#8221; use_overlay=&#8221;on&#8221; overlay_icon_color=&#8221;#FFFFFF&#8221; hover_overlay_color=&#8221;rgba(0,0,0,0.5)&#8221; hover_icon=&#8221;&#xf00e;||fa||900&#8243; show_bottom_space=&#8221;off&#8221; force_fullwidth=&#8221;on&#8221; _builder_version=&#8221;4.27.4&#8243; _module_preset=&#8221;default&#8221; custom_margin=&#8221;||8em||false|false&#8221; custom_margin_tablet=&#8221;||6em||false|false&#8221; custom_margin_phone=&#8221;||4em||false|false&#8221; custom_margin_last_edited=&#8221;on|phone&#8221; global_colors_info=&#8221;{}&#8221;][\/et_pb_image][et_pb_image src=&#8221;http:\/\/bartsamuel.com\/wp-content\/uploads\/2025\/05\/Lisa-Hopper-by-Bartosz-Samuel-Odias-Photography-02Jun2018-014.jpg&#8221; alt=&#8221;Lisa Hopper&#8221; title_text=&#8221;Lisa Hopper&#8221; show_in_lightbox=&#8221;on&#8221; use_overlay=&#8221;on&#8221; overlay_icon_color=&#8221;#FFFFFF&#8221; hover_overlay_color=&#8221;rgba(0,0,0,0.5)&#8221; hover_icon=&#8221;&#xf00e;||fa||900&#8243; show_bottom_space=&#8221;off&#8221; force_fullwidth=&#8221;on&#8221; _builder_version=&#8221;4.27.4&#8243; _module_preset=&#8221;default&#8221; custom_margin=&#8221;||8em||false|false&#8221; custom_margin_tablet=&#8221;||6em||false|false&#8221; custom_margin_phone=&#8221;||4em||false|false&#8221; custom_margin_last_edited=&#8221;on|phone&#8221; global_colors_info=&#8221;{}&#8221;][\/et_pb_image][et_pb_image src=&#8221;http:\/\/bartsamuel.com\/wp-content\/uploads\/2025\/05\/Lisa-Hopper-by-Bartosz-Samuel-Odias-Photography-02Jun2018-005.jpg&#8221; alt=&#8221;Lisa Hopper&#8221; title_text=&#8221;Lisa Hopper&#8221; show_in_lightbox=&#8221;on&#8221; use_overlay=&#8221;on&#8221; overlay_icon_color=&#8221;#FFFFFF&#8221; hover_overlay_color=&#8221;rgba(0,0,0,0.5)&#8221; hover_icon=&#8221;&#xf00e;||fa||900&#8243; show_bottom_space=&#8221;off&#8221; force_fullwidth=&#8221;on&#8221; _builder_version=&#8221;4.27.4&#8243; _module_preset=&#8221;default&#8221; custom_margin=&#8221;||8em||false|false&#8221; custom_margin_tablet=&#8221;||6em||false|false&#8221; custom_margin_phone=&#8221;||4em||false|false&#8221; custom_margin_last_edited=&#8221;on|phone&#8221; global_colors_info=&#8221;{}&#8221;][\/et_pb_image][et_pb_image src=&#8221;http:\/\/bartsamuel.com\/wp-content\/uploads\/2025\/05\/Lisa-Hopper-by-Bartosz-Samuel-Odias-Photography-02Jun2018-016.jpg&#8221; alt=&#8221;Lisa Hopper&#8221; title_text=&#8221;Lisa Hopper&#8221; show_in_lightbox=&#8221;on&#8221; use_overlay=&#8221;on&#8221; overlay_icon_color=&#8221;#FFFFFF&#8221; hover_overlay_color=&#8221;rgba(0,0,0,0.5)&#8221; hover_icon=&#8221;&#xf00e;||fa||900&#8243; show_bottom_space=&#8221;off&#8221; force_fullwidth=&#8221;on&#8221; _builder_version=&#8221;4.27.4&#8243; _module_preset=&#8221;default&#8221; custom_margin=&#8221;||8em||false|false&#8221; custom_margin_tablet=&#8221;||6em||false|false&#8221; custom_margin_phone=&#8221;||4em||false|false&#8221; custom_margin_last_edited=&#8221;on|phone&#8221; global_colors_info=&#8221;{}&#8221;][\/et_pb_image][et_pb_image src=&#8221;http:\/\/bartsamuel.com\/wp-content\/uploads\/2025\/05\/Lisa-Hopper-by-Bartosz-Samuel-Odias-Photography-02Jun2018-020.jpg&#8221; alt=&#8221;Lisa Hopper&#8221; title_text=&#8221;Lisa Hopper&#8221; show_in_lightbox=&#8221;on&#8221; use_overlay=&#8221;on&#8221; overlay_icon_color=&#8221;#FFFFFF&#8221; hover_overlay_color=&#8221;rgba(0,0,0,0.5)&#8221; hover_icon=&#8221;&#xf00e;||fa||900&#8243; show_bottom_space=&#8221;off&#8221; force_fullwidth=&#8221;on&#8221; _builder_version=&#8221;4.27.4&#8243; _module_preset=&#8221;default&#8221; custom_margin=&#8221;||8em||false|false&#8221; custom_margin_tablet=&#8221;||6em||false|false&#8221; custom_margin_phone=&#8221;||4em||false|false&#8221; custom_margin_last_edited=&#8221;on|phone&#8221; global_colors_info=&#8221;{}&#8221;][\/et_pb_image][et_pb_image src=&#8221;http:\/\/bartsamuel.com\/wp-content\/uploads\/2025\/05\/Lisa-Hopper-by-Bartosz-Samuel-Odias-Photography-02Jun2018-004.jpg&#8221; alt=&#8221;Lisa Hopper&#8221; title_text=&#8221;Lisa Hopper&#8221; show_in_lightbox=&#8221;on&#8221; use_overlay=&#8221;on&#8221; overlay_icon_color=&#8221;#FFFFFF&#8221; hover_overlay_color=&#8221;rgba(0,0,0,0.5)&#8221; hover_icon=&#8221;&#xf00e;||fa||900&#8243; show_bottom_space=&#8221;off&#8221; force_fullwidth=&#8221;on&#8221; disabled_on=&#8221;on|on|on&#8221; _builder_version=&#8221;4.27.4&#8243; _module_preset=&#8221;default&#8221; custom_margin=&#8221;||8em||false|false&#8221; custom_margin_tablet=&#8221;||6em||false|false&#8221; custom_margin_phone=&#8221;||4em||false|false&#8221; custom_margin_last_edited=&#8221;on|phone&#8221; disabled=&#8221;on&#8221; global_colors_info=&#8221;{}&#8221;][\/et_pb_image][et_pb_image src=&#8221;http:\/\/bartsamuel.com\/wp-content\/uploads\/2025\/05\/Lisa-Hopper-by-Bartosz-Samuel-Odias-Photography-02Jun2018-011.jpg&#8221; alt=&#8221;Lisa Hopper&#8221; title_text=&#8221;Lisa Hopper&#8221; show_in_lightbox=&#8221;on&#8221; use_overlay=&#8221;on&#8221; overlay_icon_color=&#8221;#FFFFFF&#8221; hover_overlay_color=&#8221;rgba(0,0,0,0.5)&#8221; hover_icon=&#8221;&#xf00e;||fa||900&#8243; show_bottom_space=&#8221;off&#8221; force_fullwidth=&#8221;on&#8221; disabled_on=&#8221;on|on|on&#8221; admin_label=&#8221;Image&#8221; _builder_version=&#8221;4.27.4&#8243; _module_preset=&#8221;default&#8221; custom_margin=&#8221;||8em||false|false&#8221; custom_margin_tablet=&#8221;||6em||false|false&#8221; custom_margin_phone=&#8221;||4em||false|false&#8221; custom_margin_last_edited=&#8221;on|phone&#8221; disabled=&#8221;on&#8221; global_colors_info=&#8221;{}&#8221;][\/et_pb_image][\/et_pb_column][et_pb_column type=&#8221;1_2&#8243; _builder_version=&#8221;4.25.1&#8243; _module_preset=&#8221;default&#8221; global_colors_info=&#8221;{}&#8221;][et_pb_image src=&#8221;http:\/\/bartsamuel.com\/wp-content\/uploads\/2025\/05\/Lisa-Hopper-by-Bartosz-Samuel-Odias-Photography-02Jun2018-003.jpg&#8221; alt=&#8221;Lisa Hopper&#8221; title_text=&#8221;Lisa Hopper&#8221; show_in_lightbox=&#8221;on&#8221; use_overlay=&#8221;on&#8221; overlay_icon_color=&#8221;#FFFFFF&#8221; hover_overlay_color=&#8221;rgba(0,0,0,0.5)&#8221; hover_icon=&#8221;&#xf00e;||fa||900&#8243; show_bottom_space=&#8221;off&#8221; force_fullwidth=&#8221;on&#8221; _builder_version=&#8221;4.27.4&#8243; _module_preset=&#8221;default&#8221; custom_margin=&#8221;||8em||false|false&#8221; custom_margin_tablet=&#8221;||6em||false|false&#8221; custom_margin_phone=&#8221;||4em||false|false&#8221; custom_margin_last_edited=&#8221;on|desktop&#8221; global_colors_info=&#8221;{}&#8221;][\/et_pb_image][et_pb_image src=&#8221;http:\/\/bartsamuel.com\/wp-content\/uploads\/2025\/05\/Lisa-Hopper-by-Bartosz-Samuel-Odias-Photography-02Jun2018-008.jpg&#8221; alt=&#8221;Lisa Hopper&#8221; title_text=&#8221;Lisa Hopper&#8221; show_in_lightbox=&#8221;on&#8221; use_overlay=&#8221;on&#8221; overlay_icon_color=&#8221;#FFFFFF&#8221; hover_overlay_color=&#8221;rgba(0,0,0,0.5)&#8221; hover_icon=&#8221;&#xf00e;||fa||900&#8243; show_bottom_space=&#8221;off&#8221; force_fullwidth=&#8221;on&#8221; _builder_version=&#8221;4.27.4&#8243; _module_preset=&#8221;default&#8221; custom_margin=&#8221;||8em||false|false&#8221; custom_margin_tablet=&#8221;||6em||false|false&#8221; custom_margin_phone=&#8221;||4em||false|false&#8221; custom_margin_last_edited=&#8221;on|phone&#8221; global_colors_info=&#8221;{}&#8221;][\/et_pb_image][et_pb_image src=&#8221;http:\/\/bartsamuel.com\/wp-content\/uploads\/2025\/05\/Lisa-Hopper-by-Bartosz-Samuel-Odias-Photography-02Jun2018-017.jpg&#8221; alt=&#8221;Lisa Hopper&#8221; title_text=&#8221;Lisa Hopper&#8221; show_in_lightbox=&#8221;on&#8221; use_overlay=&#8221;on&#8221; overlay_icon_color=&#8221;#FFFFFF&#8221; hover_overlay_color=&#8221;rgba(0,0,0,0.5)&#8221; hover_icon=&#8221;&#xf00e;||fa||900&#8243; show_bottom_space=&#8221;off&#8221; force_fullwidth=&#8221;on&#8221; admin_label=&#8221;Image&#8221; _builder_version=&#8221;4.27.4&#8243; _module_preset=&#8221;default&#8221; custom_margin=&#8221;||8em||false|false&#8221; custom_margin_tablet=&#8221;||6em||false|false&#8221; custom_margin_phone=&#8221;||4em||false|false&#8221; custom_margin_last_edited=&#8221;on|phone&#8221; global_colors_info=&#8221;{}&#8221;][\/et_pb_image][et_pb_image src=&#8221;http:\/\/bartsamuel.com\/wp-content\/uploads\/2025\/05\/Lisa-Hopper-by-Bartosz-Samuel-Odias-Photography-02Jun2018-009.jpg&#8221; alt=&#8221;Lisa Hopper&#8221; title_text=&#8221;Lisa Hopper&#8221; show_in_lightbox=&#8221;on&#8221; use_overlay=&#8221;on&#8221; overlay_icon_color=&#8221;#FFFFFF&#8221; hover_overlay_color=&#8221;rgba(0,0,0,0.5)&#8221; hover_icon=&#8221;&#xf00e;||fa||900&#8243; show_bottom_space=&#8221;off&#8221; force_fullwidth=&#8221;on&#8221; _builder_version=&#8221;4.27.4&#8243; _module_preset=&#8221;default&#8221; custom_margin=&#8221;||8em||false|false&#8221; custom_margin_tablet=&#8221;||6em||false|false&#8221; custom_margin_phone=&#8221;||4em||false|false&#8221; custom_margin_last_edited=&#8221;on|phone&#8221; global_colors_info=&#8221;{}&#8221;][\/et_pb_image][et_pb_image src=&#8221;http:\/\/bartsamuel.com\/wp-content\/uploads\/2025\/05\/Lisa-Hopper-by-Bartosz-Samuel-Odias-Photography-02Jun2018-012.jpg&#8221; alt=&#8221;Lisa Hopper&#8221; title_text=&#8221;Lisa Hopper&#8221; show_in_lightbox=&#8221;on&#8221; use_overlay=&#8221;on&#8221; overlay_icon_color=&#8221;#FFFFFF&#8221; hover_overlay_color=&#8221;rgba(0,0,0,0.5)&#8221; hover_icon=&#8221;&#xf00e;||fa||900&#8243; show_bottom_space=&#8221;off&#8221; force_fullwidth=&#8221;on&#8221; admin_label=&#8221;Image&#8221; _builder_version=&#8221;4.27.4&#8243; _module_preset=&#8221;default&#8221; custom_margin=&#8221;||8em||false|false&#8221; custom_margin_tablet=&#8221;||6em||false|false&#8221; custom_margin_phone=&#8221;||4em||false|false&#8221; custom_margin_last_edited=&#8221;on|phone&#8221; global_colors_info=&#8221;{}&#8221;][\/et_pb_image][et_pb_image src=&#8221;http:\/\/bartsamuel.com\/wp-content\/uploads\/2025\/05\/Lisa-Hopper-by-Bartosz-Samuel-Odias-Photography-02Jun2018-019.jpg&#8221; alt=&#8221;Lisa Hopper&#8221; title_text=&#8221;Lisa Hopper&#8221; show_in_lightbox=&#8221;on&#8221; use_overlay=&#8221;on&#8221; overlay_icon_color=&#8221;#FFFFFF&#8221; hover_overlay_color=&#8221;rgba(0,0,0,0.5)&#8221; hover_icon=&#8221;&#xf00e;||fa||900&#8243; show_bottom_space=&#8221;off&#8221; force_fullwidth=&#8221;on&#8221; _builder_version=&#8221;4.27.4&#8243; _module_preset=&#8221;default&#8221; custom_margin=&#8221;||8em||false|false&#8221; custom_margin_tablet=&#8221;||6em||false|false&#8221; custom_margin_phone=&#8221;||4em||false|false&#8221; custom_margin_last_edited=&#8221;on|phone&#8221; global_colors_info=&#8221;{}&#8221;][\/et_pb_image][et_pb_image src=&#8221;http:\/\/bartsamuel.com\/wp-content\/uploads\/2025\/05\/Lisa-Hopper-by-Bartosz-Samuel-Odias-Photography-02Jun2018-015.jpg&#8221; alt=&#8221;Lisa Hopper&#8221; title_text=&#8221;Lisa Hopper&#8221; show_in_lightbox=&#8221;on&#8221; use_overlay=&#8221;on&#8221; overlay_icon_color=&#8221;#FFFFFF&#8221; hover_overlay_color=&#8221;rgba(0,0,0,0.5)&#8221; hover_icon=&#8221;&#xf00e;||fa||900&#8243; show_bottom_space=&#8221;off&#8221; force_fullwidth=&#8221;on&#8221; admin_label=&#8221;Image&#8221; _builder_version=&#8221;4.27.4&#8243; _module_preset=&#8221;default&#8221; custom_margin=&#8221;||8em||false|false&#8221; custom_margin_tablet=&#8221;||6em||false|false&#8221; custom_margin_phone=&#8221;||4em||false|false&#8221; custom_margin_last_edited=&#8221;on|phone&#8221; global_colors_info=&#8221;{}&#8221;][\/et_pb_image][et_pb_image src=&#8221;http:\/\/bartsamuel.com\/wp-content\/uploads\/2025\/05\/Lisa-Hopper-by-Bartosz-Samuel-Odias-Photography-02Jun2018-002.jpg&#8221; alt=&#8221;Lisa Hopper&#8221; title_text=&#8221;Lisa Hopper&#8221; show_in_lightbox=&#8221;on&#8221; use_overlay=&#8221;on&#8221; overlay_icon_color=&#8221;#FFFFFF&#8221; hover_overlay_color=&#8221;rgba(0,0,0,0.5)&#8221; hover_icon=&#8221;&#xf00e;||fa||900&#8243; show_bottom_space=&#8221;off&#8221; force_fullwidth=&#8221;on&#8221; disabled_on=&#8221;on|on|on&#8221; _builder_version=&#8221;4.27.4&#8243; _module_preset=&#8221;default&#8221; custom_margin=&#8221;||8em||false|false&#8221; custom_margin_tablet=&#8221;||6em||false|false&#8221; custom_margin_phone=&#8221;||4em||false|false&#8221; custom_margin_last_edited=&#8221;on|phone&#8221; disabled=&#8221;on&#8221; global_colors_info=&#8221;{}&#8221;][\/et_pb_image][et_pb_image src=&#8221;http:\/\/bartsamuel.com\/wp-content\/uploads\/2025\/05\/Lisa-Hopper-by-Bartosz-Samuel-Odias-Photography-02Jun2018-010.jpg&#8221; alt=&#8221;Lisa Hopper&#8221; title_text=&#8221;Lisa Hopper&#8221; show_in_lightbox=&#8221;on&#8221; use_overlay=&#8221;on&#8221; overlay_icon_color=&#8221;#FFFFFF&#8221; hover_overlay_color=&#8221;rgba(0,0,0,0.5)&#8221; hover_icon=&#8221;&#xf00e;||fa||900&#8243; show_bottom_space=&#8221;off&#8221; force_fullwidth=&#8221;on&#8221; disabled_on=&#8221;on|on|on&#8221; admin_label=&#8221;Image&#8221; _builder_version=&#8221;4.27.4&#8243; _module_preset=&#8221;default&#8221; custom_margin=&#8221;||8em||false|false&#8221; custom_margin_tablet=&#8221;||6em||false|false&#8221; custom_margin_phone=&#8221;||4em||false|false&#8221; custom_margin_last_edited=&#8221;on|phone&#8221; disabled=&#8221;on&#8221; global_colors_info=&#8221;{}&#8221;][\/et_pb_image][\/et_pb_column][\/et_pb_row][\/et_pb_section][et_pb_section fb_built=&#8221;1&#8243; admin_label=&#8221;BACK Section&#8221; _builder_version=&#8221;4.27.4&#8243; _module_preset=&#8221;default&#8221; background_color=&#8221;#000000&#8243; custom_margin=&#8221;0px||0px||true|false&#8221; custom_padding=&#8221;0px||0px||true|false&#8221; global_colors_info=&#8221;{}&#8221; global_module=&#8221;2790&#8243; theme_builder_area=&#8221;post_content&#8221;][et_pb_row _builder_version=&#8221;4.27.4&#8243; _module_preset=&#8221;default&#8221; custom_margin=&#8221;0px||0px||true|false&#8221; custom_padding=&#8221;0px||0px||true|false&#8221; global_colors_info=&#8221;{}&#8221; theme_builder_area=&#8221;post_content&#8221;][et_pb_column type=&#8221;4_4&#8243; _builder_version=&#8221;4.27.4&#8243; _module_preset=&#8221;default&#8221; custom_padding=&#8221;0px||0px||true|false&#8221; global_colors_info=&#8221;{}&#8221; theme_builder_area=&#8221;post_content&#8221;][et_pb_text disabled_on=&#8221;off|off|off&#8221; _builder_version=&#8221;4.27.4&#8243; _module_preset=&#8221;default&#8221; text_font=&#8221;&#8211;et_global_heading_font|800||on|||||&#8221; text_text_color=&#8221;#FFFFFF&#8221; text_font_size=&#8221;20px&#8221; text_letter_spacing=&#8221;0.5px&#8221; link_text_color=&#8221;#ffffff&#8221; text_orientation=&#8221;center&#8221; background_layout=&#8221;dark&#8221; custom_margin=&#8221;||5em||false|false&#8221; custom_css_free_form=&#8221;selector a { text-decoration:none; }&#8221; locked=&#8221;off&#8221; global_colors_info=&#8221;{}&#8221; link_text_color__hover_enabled=&#8221;off|hover&#8221; text_text_color__hover_enabled=&#8221;off|desktop&#8221; text_font_size__hover_enabled=&#8221;off|desktop&#8221; text_font_size__hover=&#8221;24px&#8221; theme_builder_area=&#8221;post_content&#8221;]<\/p>\n<div class=\"et_pb_button_module_wrapper et_pb_button_0_wrapper  et_pb_module\"><a class=\"et_pb_button et_pb_button_0 et_pb_bg_layout_dark\" href=\"..\/\">Wstecz<\/a><\/div>\n<p>[\/et_pb_text][\/et_pb_column][\/et_pb_row][\/et_pb_section]<\/p>","protected":false},"excerpt":{"rendered":"<p>Lisa Hopper is a best-selling author and transformational coach. Establishing her personal brand as a coach she needed photos for her website and social media. The photo session at her apartment involved portrait photos as well as staged coaching sessions.BACK<\/p>","protected":false},"author":1,"featured_media":0,"parent":175,"menu_order":0,"comment_status":"closed","ping_status":"closed","template":"","meta":{"_et_pb_use_builder":"on","_et_pb_old_content":"","_et_gb_content_width":"","footnotes":""},"class_list":["post-2174","page","type-page","status-publish","hentry"],"_links":{"self":[{"href":"https:\/\/bartsamuel.com\/pl\/wp-json\/wp\/v2\/pages\/2174","targetHints":{"allow":["GET"]}}],"collection":[{"href":"https:\/\/bartsamuel.com\/pl\/wp-json\/wp\/v2\/pages"}],"about":[{"href":"https:\/\/bartsamuel.com\/pl\/wp-json\/wp\/v2\/types\/page"}],"author":[{"embeddable":true,"href":"https:\/\/bartsamuel.com\/pl\/wp-json\/wp\/v2\/users\/1"}],"replies":[{"embeddable":true,"href":"https:\/\/bartsamuel.com\/pl\/wp-json\/wp\/v2\/comments?post=2174"}],"version-history":[{"count":9,"href":"https:\/\/bartsamuel.com\/pl\/wp-json\/wp\/v2\/pages\/2174\/revisions"}],"predecessor-version":[{"id":2802,"href":"https:\/\/bartsamuel.com\/pl\/wp-json\/wp\/v2\/pages\/2174\/revisions\/2802"}],"up":[{"embeddable":true,"href":"https:\/\/bartsamuel.com\/pl\/wp-json\/wp\/v2\/pages\/175"}],"wp:attachment":[{"href":"https:\/\/bartsamuel.com\/pl\/wp-json\/wp\/v2\/media?parent=2174"}],"curies":[{"name":"wp","href":"https:\/\/api.w.org\/{rel}","templated":true}]}}