{"id":81,"date":"2023-02-21T12:47:38","date_gmt":"2023-02-21T12:47:38","guid":{"rendered":"https:\/\/bartsamuel.com\/?page_id=81"},"modified":"2025-06-22T10:27:48","modified_gmt":"2025-06-22T10:27:48","slug":"contact","status":"publish","type":"page","link":"https:\/\/bartsamuel.com\/pl\/contact\/","title":{"rendered":"Kontakt"},"content":{"rendered":"<p>[et_pb_section fb_built=&#8221;1&#8243; custom_padding_last_edited=&#8221;on|phone&#8221; _builder_version=&#8221;4.25.2&#8243; _module_preset=&#8221;default&#8221; background_color=&#8221;#000000&#8243; background_enable_image=&#8221;off&#8221; height=&#8221;56vh&#8221; height_tablet=&#8221;auto&#8221; height_phone=&#8221;auto&#8221; height_last_edited=&#8221;on|tablet&#8221; custom_margin=&#8221;0px|0px|0px|0px|false|false&#8221; custom_padding=&#8221;0px|6em|0px|6em|true|true&#8221; custom_padding_tablet=&#8221;|6em||6em|true|true&#8221; custom_padding_phone=&#8221;0em|3em|3em|3em|false|true&#8221; locked=&#8221;off&#8221; global_colors_info=&#8221;{}&#8221;][et_pb_row column_structure=&#8221;1_2,1_2&#8243; use_custom_gutter=&#8221;on&#8221; gutter_width=&#8221;4&#8243; _builder_version=&#8221;4.25.1&#8243; _module_preset=&#8221;default&#8221; width=&#8221;100%&#8221; max_width=&#8221;100%&#8221; custom_margin=&#8221;0px||0px||true|false&#8221; custom_padding=&#8221;0px|0px|0px|0px|true|true&#8221; global_colors_info=&#8221;{}&#8221;][et_pb_column type=&#8221;1_2&#8243; _builder_version=&#8221;4.25.1&#8243; _module_preset=&#8221;default&#8221; background_color=&#8221;RGBA(255,255,255,0)&#8221; scroll_horizontal_motion=&#8221;0|50|50|100|0|0|1&#8243; motion_trigger_start=&#8221;top&#8221; global_colors_info=&#8221;{}&#8221;][et_pb_text _builder_version=&#8221;4.27.4&#8243; _module_preset=&#8221;default&#8221; text_font=&#8221;&#8211;et_global_heading_font|300|||||||&#8221; text_text_color=&#8221;#FFFFFF&#8221; text_font_size=&#8221;24px&#8221; text_letter_spacing=&#8221;0.5px&#8221; text_line_height=&#8221;1.5em&#8221; link_text_color=&#8221;#FFFFFF&#8221; background_layout=&#8221;dark&#8221; custom_margin=&#8221;||1.5em||false|false&#8221; hover_enabled=&#8221;0&#8243; custom_css_free_form=&#8221;selector { float:left; clear:left; }&#8221; global_colors_info=&#8221;{}&#8221; link_text_color__hover_enabled=&#8221;on|hover&#8221; link_text_color__hover=&#8221;#FFFFFF&#8221; sticky_enabled=&#8221;0&#8243;]<\/p>\n<p>Mo\u017cesz si\u0119 ze mn\u0105 skontaktowa\u0107 telefonicznie, <a href=\"mailto:bart@bartsamuel.com\">mailowo<\/a> lub przez <a href=\"https:\/\/wa.me\/447955221073\">WhatsApp<\/a>, <a href=\"https:\/\/telegram.me\/bartsamuel\">Telegram<\/a>, <a href=\"https:\/\/discord.com\/users\/bartsamuel\">Discord<\/a>, <a href=\"https:\/\/www.instagram.com\/bartsamuel.jpg\">Instagram<\/a>, <a href=\"https:\/\/www.linkedin.com\/in\/bartsamuelodias\"> LinkedIn<\/a>.<\/p>\n<p>Zazwyczaj odpowiadam w ci\u0105gu 24 godzin.<\/p>\n<p>[\/et_pb_text][et_pb_icon font_icon=&#8221;&#xf40c;||fa||400&#8243; icon_color=&#8221;#FFFFFF&#8221; icon_width=&#8221;30px&#8221; url=&#8221;https:\/\/wa.me\/447955221073&#8243; url_new_window=&#8221;on&#8221; align=&#8221;left&#8221; _builder_version=&#8221;4.27.4&#8243; _module_preset=&#8221;default&#8221; custom_margin=&#8221;|1.5em|3em||false|false&#8221; custom_margin_tablet=&#8221;|1.5em|3em||false|false&#8221; custom_margin_phone=&#8221;|1em|||false|false&#8221; custom_margin_last_edited=&#8221;on|phone&#8221; custom_css_free_form=&#8221;selector { float:left; }&#8221; global_colors_info=&#8221;{}&#8221; icon_color__hover_enabled=&#8221;on|hover&#8221; icon_color__hover=&#8221;#25d366&#8243;][\/et_pb_icon][et_pb_icon font_icon=&#8221;&#xf3fe;||fa||400&#8243; icon_color=&#8221;#FFFFFF&#8221; icon_width=&#8221;30px&#8221; url=&#8221;https:\/\/telegram.me\/bartsamuel&#8221; url_new_window=&#8221;on&#8221; align=&#8221;left&#8221; _builder_version=&#8221;4.27.4&#8243; _module_preset=&#8221;default&#8221; custom_margin=&#8221;|2em|3em||false|false&#8221; custom_margin_tablet=&#8221;|2em|3em||false|false&#8221; custom_margin_phone=&#8221;|1.5em|3em||false|false&#8221; custom_margin_last_edited=&#8221;on|phone&#8221; custom_css_free_form=&#8221;selector { float:left; }&#8221; global_colors_info=&#8221;{}&#8221; icon_color__hover_enabled=&#8221;on|hover&#8221; icon_color__hover=&#8221;#24a1de&#8221;][\/et_pb_icon][et_pb_icon font_icon=&#8221;&#xf392;||fa||400&#8243; icon_color=&#8221;#FFFFFF&#8221; icon_width=&#8221;30px&#8221; url=&#8221;https:\/\/discord.com\/users\/bartsamuel&#8221; url_new_window=&#8221;on&#8221; align=&#8221;left&#8221; _builder_version=&#8221;4.27.4&#8243; _module_preset=&#8221;default&#8221; custom_margin=&#8221;|2em|3em||false|false&#8221; custom_margin_tablet=&#8221;|2em|3em||false|false&#8221; custom_margin_phone=&#8221;|1.5em|3em||false|false&#8221; custom_margin_last_edited=&#8221;on|phone&#8221; custom_css_free_form=&#8221;selector { float:left; }&#8221; global_colors_info=&#8221;{}&#8221; icon_color__hover_enabled=&#8221;on|hover&#8221; icon_color__hover=&#8221;#5865f2&#8243;][\/et_pb_icon][et_pb_icon font_icon=&#8221;&#xe055;||fa||400&#8243; icon_color=&#8221;#FFFFFF&#8221; icon_width=&#8221;30px&#8221; url=&#8221;https:\/\/www.instagram.com\/bartsamuel.jpg&#8221; url_new_window=&#8221;on&#8221; align=&#8221;left&#8221; _builder_version=&#8221;4.27.4&#8243; _module_preset=&#8221;default&#8221; custom_margin=&#8221;|2em|3em||false|false&#8221; custom_margin_tablet=&#8221;|2em|3em||false|false&#8221; custom_margin_phone=&#8221;|1.5em|3em||false|false&#8221; custom_margin_last_edited=&#8221;on|phone&#8221; custom_css_free_form=&#8221;selector { float:left; }&#8221; global_colors_info=&#8221;{}&#8221; icon_color__hover_enabled=&#8221;on|hover&#8221; icon_color__hover=&#8221;#e1306c&#8221;][\/et_pb_icon][et_pb_icon font_icon=&#8221;&#xf08c;||fa||400&#8243; icon_color=&#8221;#FFFFFF&#8221; icon_width=&#8221;30px&#8221; url=&#8221;https:\/\/www.linkedin.com\/in\/bartsamuelodias\/&#8221; url_new_window=&#8221;on&#8221; align=&#8221;left&#8221; _builder_version=&#8221;4.27.4&#8243; _module_preset=&#8221;default&#8221; custom_margin=&#8221;|2em|3em||false|false&#8221; custom_margin_tablet=&#8221;|2em|3em||false|false&#8221; custom_margin_phone=&#8221;|1.5em|3em||false|false&#8221; custom_margin_last_edited=&#8221;on|phone&#8221; custom_css_free_form=&#8221;selector { float:left; }&#8221; global_colors_info=&#8221;{}&#8221; icon_color__hover_enabled=&#8221;on|hover&#8221; icon_color__hover=&#8221;#0077b5&#8243;][\/et_pb_icon][et_pb_icon font_icon=&#8221;&#xf16e;||fa||400&#8243; icon_color=&#8221;#FFFFFF&#8221; icon_width=&#8221;30px&#8221; url=&#8221;#&#8221; url_new_window=&#8221;on&#8221; align=&#8221;left&#8221; _builder_version=&#8221;4.27.4&#8243; _module_preset=&#8221;default&#8221; custom_margin=&#8221;|2em|3em||false|false&#8221; custom_margin_tablet=&#8221;|2em|3em||false|false&#8221; custom_margin_phone=&#8221;|1.5em|3em||false|false&#8221; custom_margin_last_edited=&#8221;on|phone&#8221; custom_css_free_form=&#8221;selector { float:left; }&#8221; global_colors_info=&#8221;{}&#8221; icon_color__hover_enabled=&#8221;on|hover&#8221; icon_color__hover=&#8221;#ff0084&#8243;][\/et_pb_icon][et_pb_icon font_icon=&#8221;&#xf194;||fa||400&#8243; icon_color=&#8221;#FFFFFF&#8221; icon_width=&#8221;30px&#8221; url=&#8221;https:\/\/vimeo.com\/bartsamuelodias&#8221; url_new_window=&#8221;on&#8221; align=&#8221;left&#8221; _builder_version=&#8221;4.27.4&#8243; _module_preset=&#8221;default&#8221; custom_margin=&#8221;|2em|3em||false|false&#8221; custom_margin_tablet=&#8221;|2em|3em||false|false&#8221; custom_margin_phone=&#8221;|0em|3em||false|false&#8221; custom_margin_last_edited=&#8221;on|phone&#8221; custom_css_free_form=&#8221;selector { float:left; }&#8221; global_colors_info=&#8221;{}&#8221; icon_color__hover_enabled=&#8221;on|hover&#8221; icon_color__hover=&#8221;#19b7ea&#8221;][\/et_pb_icon][et_pb_text _builder_version=&#8221;4.27.4&#8243; _module_preset=&#8221;default&#8221; text_font=&#8221;&#8211;et_global_heading_font||||||||&#8221; text_text_color=&#8221;#FFFFFF&#8221; text_font_size=&#8221;24px&#8221; text_letter_spacing=&#8221;0.5px&#8221; link_font=&#8221;|300|||||||&#8221; link_text_color=&#8221;#FFFFFF&#8221; background_layout=&#8221;dark&#8221; custom_margin=&#8221;1em||1.6em||false|false&#8221; hover_enabled=&#8221;0&#8243; custom_css_free_form=&#8221;selector { float:left; clear:left; }&#8221; global_colors_info=&#8221;{}&#8221; link_text_color__hover_enabled=&#8221;off|desktop&#8221; link_text_color__hover=&#8221;#FFC700&#8243; sticky_enabled=&#8221;0&#8243;]<\/p>\n<p><a href=\"tel:+48512980710\">+48 512980710<\/a><\/p>\n<p><a href=\"tel:+447955221073\">+44 7955221073<\/a><\/p>\n<p>[\/et_pb_text][\/et_pb_column][et_pb_column type=&#8221;1_2&#8243; _builder_version=&#8221;4.25.1&#8243; _module_preset=&#8221;default&#8221; global_colors_info=&#8221;{}&#8221;][et_pb_contact_form use_spam_service=&#8221;on&#8221; recaptcha_list=&#8221;Bartosz Samuel Odias|Bartosz Samuel Odias-0&#8243; email=&#8221;bart@bartsamuel.com&#8221; success_message=&#8221;@ET-DC@eyJkeW5hbWljIjp0cnVlLCJjb250ZW50IjoicG9zdF9tZXRhX2tleSIsInNldHRpbmdzIjp7ImJlZm9yZSI6IlRoYW5rcyBmb3IgY29udGFjdGluZyBtZS4gPGJyPkkgd2lsbCBnZXQgYmFjayB0byB5b3Ugd2l0aGluIDI0IGhvdXJzLiA8YnI+PGJyPjxpbWcgc3JjPVwiaHR0cHM6Ly9tZWRpYTAuZ2lwaHkuY29tL21lZGlhL3YxLlkybGtQVGM1TUdJM05qRXhNbVV5YVRBMlpYaDRhV2xoY2paMk4yTjVOR2s1Y214dWQzTm5kbkZ3YkhWbk1XMTBkV0ptTWlabGNEMTJNVjlwYm5SbGNtNWhiRjluYVdaZllubGZhV1FtWTNROVp3LzFwSzlOQnFKVmpVN20vZ2lwaHkuZ2lmXCI+IiwiYWZ0ZXIiOiIiLCJtZXRhX2tleSI6IkVtYWlsIFN1Y2Nlc3MgTWVzc2FnZSIsImVuYWJsZV9odG1sIjoib24ifX0=@&#8221; submit_button_text=&#8221;SEND&#8221; _builder_version=&#8221;4.25.2&#8243; _dynamic_attributes=&#8221;success_message&#8221; _module_preset=&#8221;default&#8221; _unique_id=&#8221;e3fc6523-f3c8-4fe9-96ea-f46511676c31&#8243; form_field_background_color=&#8221;#FFFFFF&#8221; form_field_text_color=&#8221;#000000&#8243; form_field_focus_background_color=&#8221;#000000&#8243; form_field_focus_text_color=&#8221;#FFFFFF&#8221; form_field_custom_margin=&#8221;||||false|false&#8221; form_field_custom_padding=&#8221;|2em||2em|false|true&#8221; title_level=&#8221;h2&#8243; captcha_text_color=&#8221;#FFFFFF&#8221; form_field_font=&#8221;|300|||||||&#8221; form_field_font_size=&#8221;15px&#8221; custom_button=&#8221;on&#8221; button_text_color=&#8221;#FFFFFF&#8221; button_bg_color=&#8221;#000000&#8243; button_border_color=&#8221;#FFFFFF&#8221; button_font=&#8221;&#8211;et_global_heading_font|700||on|||||&#8221; button_use_icon=&#8221;off&#8221; button_custom_margin=&#8221;0.5em||||false|false&#8221; button_custom_padding=&#8221;0.8em|2em|0.8em|2em|true|true&#8221; custom_padding=&#8221;||||false|false&#8221; border_width_all=&#8221;1px&#8221; border_color_all=&#8221;#000000&#8243; global_colors_info=&#8221;{}&#8221; button_bg_color__hover_enabled=&#8221;on|hover&#8221; button_bg_color__hover=&#8221;#FFFFFF&#8221; button_bg_enable_color__hover=&#8221;on&#8221; button_text_color__hover_enabled=&#8221;on|desktop&#8221; button_text_color__hover=&#8221;#000000&#8243; button_border_color__hover_enabled=&#8221;on|desktop&#8221; button_border_color__hover=&#8221;#FFFFFF&#8221;][et_pb_contact_field field_id=&#8221;Name&#8221; field_title=&#8221;Name&#8221; _builder_version=&#8221;4.25.2&#8243; form_field_background_color=&#8221;#000000&#8243; form_field_text_color=&#8221;#FFFFFF&#8221; form_field_focus_background_color=&#8221;#FFFFFF&#8221; form_field_focus_text_color=&#8221;#000000&#8243; background_color=&#8221;RGBA(255,255,255,0)&#8221; background_enable_color=&#8221;on&#8221; border_width_all=&#8221;1px&#8221; border_color_all=&#8221;#FFFFFF&#8221; global_colors_info=&#8221;{}&#8221; button_text_size__hover_enabled=&#8221;off&#8221; button_one_text_size__hover_enabled=&#8221;off&#8221; button_two_text_size__hover_enabled=&#8221;off&#8221; button_text_color__hover_enabled=&#8221;off&#8221; button_one_text_color__hover_enabled=&#8221;off&#8221; button_two_text_color__hover_enabled=&#8221;off&#8221; button_border_width__hover_enabled=&#8221;off&#8221; button_one_border_width__hover_enabled=&#8221;off&#8221; button_two_border_width__hover_enabled=&#8221;off&#8221; button_border_color__hover_enabled=&#8221;off&#8221; button_one_border_color__hover_enabled=&#8221;off&#8221; button_two_border_color__hover_enabled=&#8221;off&#8221; button_border_radius__hover_enabled=&#8221;off&#8221; button_one_border_radius__hover_enabled=&#8221;off&#8221; button_two_border_radius__hover_enabled=&#8221;off&#8221; button_letter_spacing__hover_enabled=&#8221;off&#8221; button_one_letter_spacing__hover_enabled=&#8221;off&#8221; button_two_letter_spacing__hover_enabled=&#8221;off&#8221; button_bg_color__hover_enabled=&#8221;off&#8221; button_one_bg_color__hover_enabled=&#8221;off&#8221; button_two_bg_color__hover_enabled=&#8221;off&#8221; border_color_all__hover_enabled=&#8221;off|hover&#8221; border_color_all__hover=&#8221;#FFFFFF&#8221;][\/et_pb_contact_field][et_pb_contact_field field_id=&#8221;Email&#8221; field_title=&#8221;Email Address&#8221; field_type=&#8221;email&#8221; _builder_version=&#8221;4.25.2&#8243; form_field_background_color=&#8221;#000000&#8243; form_field_text_color=&#8221;#FFFFFF&#8221; form_field_focus_background_color=&#8221;#FFFFFF&#8221; form_field_focus_text_color=&#8221;#000000&#8243; background_color=&#8221;RGBA(255,255,255,0)&#8221; background_enable_color=&#8221;on&#8221; border_color_all=&#8221;#FFFFFF&#8221; global_colors_info=&#8221;{}&#8221; button_text_size__hover_enabled=&#8221;off&#8221; button_one_text_size__hover_enabled=&#8221;off&#8221; button_two_text_size__hover_enabled=&#8221;off&#8221; button_text_color__hover_enabled=&#8221;off&#8221; button_one_text_color__hover_enabled=&#8221;off&#8221; button_two_text_color__hover_enabled=&#8221;off&#8221; button_border_width__hover_enabled=&#8221;off&#8221; button_one_border_width__hover_enabled=&#8221;off&#8221; button_two_border_width__hover_enabled=&#8221;off&#8221; button_border_color__hover_enabled=&#8221;off&#8221; button_one_border_color__hover_enabled=&#8221;off&#8221; button_two_border_color__hover_enabled=&#8221;off&#8221; button_border_radius__hover_enabled=&#8221;off&#8221; button_one_border_radius__hover_enabled=&#8221;off&#8221; button_two_border_radius__hover_enabled=&#8221;off&#8221; button_letter_spacing__hover_enabled=&#8221;off&#8221; button_one_letter_spacing__hover_enabled=&#8221;off&#8221; button_two_letter_spacing__hover_enabled=&#8221;off&#8221; button_bg_color__hover_enabled=&#8221;off&#8221; button_one_bg_color__hover_enabled=&#8221;off&#8221; button_two_bg_color__hover_enabled=&#8221;off&#8221;][\/et_pb_contact_field][et_pb_contact_field field_id=&#8221;Message&#8221; field_title=&#8221;Message&#8221; field_type=&#8221;text&#8221; fullwidth_field=&#8221;on&#8221; _builder_version=&#8221;4.25.2&#8243; form_field_background_color=&#8221;#000000&#8243; form_field_text_color=&#8221;#FFFFFF&#8221; form_field_focus_background_color=&#8221;#FFFFFF&#8221; form_field_focus_text_color=&#8221;#000000&#8243; form_field_font_size=&#8221;15px&#8221; background_color=&#8221;RGBA(255,255,255,0)&#8221; background_enable_color=&#8221;on&#8221; min_height=&#8221;10em&#8221; height=&#8221;16em&#8221; max_height=&#8221;16em&#8221; border_color_all=&#8221;#FFFFFF&#8221; global_colors_info=&#8221;{}&#8221; button_text_size__hover_enabled=&#8221;off&#8221; button_one_text_size__hover_enabled=&#8221;off&#8221; button_two_text_size__hover_enabled=&#8221;off&#8221; button_text_color__hover_enabled=&#8221;off&#8221; button_one_text_color__hover_enabled=&#8221;off&#8221; button_two_text_color__hover_enabled=&#8221;off&#8221; button_border_width__hover_enabled=&#8221;off&#8221; button_one_border_width__hover_enabled=&#8221;off&#8221; button_two_border_width__hover_enabled=&#8221;off&#8221; button_border_color__hover_enabled=&#8221;off&#8221; button_one_border_color__hover_enabled=&#8221;off&#8221; button_two_border_color__hover_enabled=&#8221;off&#8221; button_border_radius__hover_enabled=&#8221;off&#8221; button_one_border_radius__hover_enabled=&#8221;off&#8221; button_two_border_radius__hover_enabled=&#8221;off&#8221; button_letter_spacing__hover_enabled=&#8221;off&#8221; button_one_letter_spacing__hover_enabled=&#8221;off&#8221; button_two_letter_spacing__hover_enabled=&#8221;off&#8221; button_bg_color__hover_enabled=&#8221;off&#8221; button_one_bg_color__hover_enabled=&#8221;off&#8221; button_two_bg_color__hover_enabled=&#8221;off&#8221;][\/et_pb_contact_field][\/et_pb_contact_form][\/et_pb_column][\/et_pb_row][\/et_pb_section]<\/p>","protected":false},"excerpt":{"rendered":"<p>Contact me by phone, email or via WhatsApp, Telegram, Discord, Instagram, LinkedIn. I usually reply within 24 hours.+48 512980710 +44 7955221073<\/p>","protected":false},"author":1,"featured_media":0,"parent":0,"menu_order":0,"comment_status":"closed","ping_status":"closed","template":"","meta":{"_et_pb_use_builder":"on","_et_pb_old_content":"","_et_gb_content_width":"","footnotes":""},"class_list":["post-81","page","type-page","status-publish","hentry"],"_links":{"self":[{"href":"https:\/\/bartsamuel.com\/pl\/wp-json\/wp\/v2\/pages\/81","targetHints":{"allow":["GET"]}}],"collection":[{"href":"https:\/\/bartsamuel.com\/pl\/wp-json\/wp\/v2\/pages"}],"about":[{"href":"https:\/\/bartsamuel.com\/pl\/wp-json\/wp\/v2\/types\/page"}],"author":[{"embeddable":true,"href":"https:\/\/bartsamuel.com\/pl\/wp-json\/wp\/v2\/users\/1"}],"replies":[{"embeddable":true,"href":"https:\/\/bartsamuel.com\/pl\/wp-json\/wp\/v2\/comments?post=81"}],"version-history":[{"count":55,"href":"https:\/\/bartsamuel.com\/pl\/wp-json\/wp\/v2\/pages\/81\/revisions"}],"predecessor-version":[{"id":2641,"href":"https:\/\/bartsamuel.com\/pl\/wp-json\/wp\/v2\/pages\/81\/revisions\/2641"}],"wp:attachment":[{"href":"https:\/\/bartsamuel.com\/pl\/wp-json\/wp\/v2\/media?parent=81"}],"curies":[{"name":"wp","href":"https:\/\/api.w.org\/{rel}","templated":true}]}}